{"id":329941,"date":"2025-03-25T11:09:45","date_gmt":"2025-03-25T10:09:45","guid":{"rendered":"https:\/\/www.freshsurf.de\/sobre-el-surf\/"},"modified":"2025-05-20T13:49:28","modified_gmt":"2025-05-20T12:49:28","slug":"sobre-el-surf","status":"publish","type":"page","link":"https:\/\/www.freshsurf.de\/es\/sobre-el-surf\/","title":{"rendered":"Sobre el surf"},"content":{"rendered":"<p>[et_pb_section fb_built=\u00bb1&#8243; _builder_version=\u00bb4.16&#8243; background_color=\u00bb#ffffff\u00bb background_image=\u00bbhttps:\/\/www.freshsurf.de\/wp-content\/uploads\/2021\/01\/surfen.jpg\u00bb background_position=\u00bbcenter_left\u00bb z_index_tablet=\u00bb500&#8243; global_colors_info=\u00bb{}\u00bb][et_pb_row _builder_version=\u00bb4.16&#8243; z_index_tablet=\u00bb500&#8243; global_colors_info=\u00bb{}\u00bb][et_pb_column type=\u00bb4_4&#8243; _builder_version=\u00bb4.16&#8243; custom_padding=\u00bb|||\u00bb global_colors_info=\u00bb{}\u00bb custom_padding__hover=\u00bb|||\u00bb][et_pb_divider show_divider=\u00bboff\u00bb _builder_version=\u00bb4.16&#8243; z_index_tablet=\u00bb500&#8243; global_colors_info=\u00bb{}\u00bb][\/et_pb_divider][\/et_pb_column][\/et_pb_row][et_pb_row _builder_version=\u00bb4.16&#8243; global_colors_info=\u00bb{}\u00bb][et_pb_column type=\u00bb4_4&#8243; _builder_version=\u00bb4.16&#8243; custom_padding=\u00bb|||\u00bb global_colors_info=\u00bb{}\u00bb custom_padding__hover=\u00bb|||\u00bb][et_pb_text _builder_version=\u00bb4.16&#8243; text_font=\u00bbOswald||||||||\u00bb header_font=\u00bbOswald|300||on|||||\u00bb header_text_color=\u00bb#ffffff\u00bb header_font_size=\u00bb5vw\u00bb header_letter_spacing=\u00bb0.4em\u00bb header_line_height=\u00bb1.2em\u00bb header_3_font=\u00bbOswald|||on|||||\u00bb header_3_text_color=\u00bb#ffffff\u00bb header_3_letter_spacing=\u00bb2px\u00bb header_3_line_height=\u00bb2.1em\u00bb background_layout=\u00bbdark\u00bb animation_direction=\u00bbright\u00bb header_font_size_tablet=\u00bb\u00bb header_font_size_phone=\u00bb6vw\u00bb header_font_size_last_edited=\u00bbon|phone\u00bb header_3_letter_spacing_tablet=\u00bb\u00bb header_3_letter_spacing_phone=\u00bb\u00bb header_3_letter_spacing_last_edited=\u00bbon|desktop\u00bb z_index_tablet=\u00bb500&#8243; header_text_shadow_style=\u00bbpreset5&#8243; header_text_shadow_horizontal_length=\u00bb0.04em\u00bb header_text_shadow_vertical_length=\u00bb0.04em\u00bb header_3_text_shadow_style=\u00bbpreset5&#8243; header_3_text_shadow_horizontal_length=\u00bb0.04em\u00bb header_3_text_shadow_vertical_length=\u00bb0.04em\u00bb global_colors_info=\u00bb{}\u00bb]<\/p>\n<\/p>\n<h1 style=\"text-align: center;\">ACERCA DEL SURF<\/h1>\n<h3 style=\"text-align: center;\">Surf ABC &#8211; Historia del surf<\/h3>\n<\/p>\n<p>[\/et_pb_text][\/et_pb_column][\/et_pb_row][et_pb_row _builder_version=\u00bb4.16&#8243; background_size=\u00bbinitial\u00bb background_position=\u00bbtop_left\u00bb background_repeat=\u00bbrepeat\u00bb global_colors_info=\u00bb{}\u00bb][et_pb_column type=\u00bb4_4&#8243; _builder_version=\u00bb4.16&#8243; custom_padding=\u00bb|||\u00bb global_colors_info=\u00bb{}\u00bb custom_padding__hover=\u00bb|||\u00bb][et_pb_divider show_divider=\u00bboff\u00bb _builder_version=\u00bb4.16&#8243; z_index_tablet=\u00bb500&#8243; global_colors_info=\u00bb{}\u00bb][\/et_pb_divider][\/et_pb_column][\/et_pb_row][et_pb_row _builder_version=\u00bb4.16&#8243; background_size=\u00bbinitial\u00bb background_position=\u00bbtop_left\u00bb background_repeat=\u00bbrepeat\u00bb global_colors_info=\u00bb{}\u00bb][et_pb_column type=\u00bb4_4&#8243; _builder_version=\u00bb4.16&#8243; custom_padding=\u00bb|||\u00bb global_colors_info=\u00bb{}\u00bb custom_padding__hover=\u00bb|||\u00bb][et_pb_text _builder_version=\u00bb4.16&#8243; text_orientation=\u00bbcenter\u00bb background_layout=\u00bbdark\u00bb z_index_tablet=\u00bb500&#8243; global_colors_info=\u00bb{}\u00bb][\/et_pb_text][\/et_pb_column][\/et_pb_row][\/et_pb_section][et_pb_section fb_built=\u00bb1&#8243; _builder_version=\u00bb4.16&#8243; global_colors_info=\u00bb{}\u00bb][et_pb_row _builder_version=\u00bb4.16&#8243; background_size=\u00bbinitial\u00bb background_position=\u00bbtop_left\u00bb background_repeat=\u00bbrepeat\u00bb global_colors_info=\u00bb{}\u00bb][et_pb_column type=\u00bb4_4&#8243; _builder_version=\u00bb4.16&#8243; custom_padding=\u00bb|||\u00bb global_colors_info=\u00bb{}\u00bb custom_padding__hover=\u00bb|||\u00bb][et_pb_text _builder_version=\u00bb4.16&#8243; global_colors_info=\u00bb{}\u00bb]<\/p>\n<h2 style=\"text-align: center;\">Toda la informaci\u00f3n sobre el aprendizaje del surf y el surf<\/h2>\n<p>[\/et_pb_text][\/et_pb_column][\/et_pb_row][et_pb_row column_structure=\u00bb1_3,2_3&#8243; _builder_version=\u00bb4.16&#8243; background_size=\u00bbinitial\u00bb background_position=\u00bbtop_left\u00bb background_repeat=\u00bbrepeat\u00bb global_colors_info=\u00bb{}\u00bb][et_pb_column type=\u00bb1_3&#8243; _builder_version=\u00bb4.16&#8243; custom_padding=\u00bb|||\u00bb global_colors_info=\u00bb{}\u00bb custom_padding__hover=\u00bb|||\u00bb][et_pb_image src=\u00bbhttps:\/\/www.freshsurf.de\/wp-content\/uploads\/2018\/05\/geschichte-surfen.png\u00bb align_tablet=\u00bbcenter\u00bb align_phone=\u00bb\u00bb align_last_edited=\u00bbon|desktop\u00bb _builder_version=\u00bb4.16&#8243; z_index_tablet=\u00bb500&#8243; global_colors_info=\u00bb{}\u00bb][\/et_pb_image][\/et_pb_column][et_pb_column type=\u00bb2_3&#8243; _builder_version=\u00bb4.16&#8243; custom_padding=\u00bb|||\u00bb global_colors_info=\u00bb{}\u00bb custom_padding__hover=\u00bb|||\u00bb][et_pb_text _builder_version=\u00bb4.27.4&#8243; background_size=\u00bbinitial\u00bb background_position=\u00bbtop_left\u00bb background_repeat=\u00bbrepeat\u00bb hover_enabled=\u00bb0&#8243; z_index_tablet=\u00bb500&#8243; use_border_color=\u00bboff\u00bb global_colors_info=\u00bb{}\u00bb link_font=\u00bb|||||on|||\u00bb sticky_enabled=\u00bb0&#8243;]<\/p>\n<h3 style=\"text-align: left;\">Historia del surf<\/h3>\n<p style=\"text-align: left;\">Un regalo de la Polinesia al mundo entero: \u00abA veces, entre 20 y 30 hombres se adentran en el mar con el oleaje, se tumban sobre un trozo ovalado de madera de su tama\u00f1o y anchura, dejan los pies directamente sobre \u00e9l y utilizan los brazos para dirigir la tabla de madera. Esperan a que el oleaje est\u00e9 en su punto m\u00e1s alto y reman todos juntos con los brazos para mantenerse por encima de las olas y precipitarse hacia la playa a una velocidad asombrosa(&#8230;)\u00bb.<\/p>\n<p style=\"text-align: left;\">Un resumen de la historia del surf, desde los principios en Polinesia hasta el surf de hoy.<\/p>\n<p style=\"text-align: left; text-transform: uppercase; font-weight: normal;\"><a href=\"https:\/\/www.freshsurf.de\/es\/surf\/#geschichte\">La historia del surf<\/a><\/p>\n<p>[\/et_pb_text][\/et_pb_column][\/et_pb_row][et_pb_row column_structure=\u00bb1_3,2_3&#8243; _builder_version=\u00bb4.16&#8243; background_size=\u00bbinitial\u00bb background_position=\u00bbtop_left\u00bb background_repeat=\u00bbrepeat\u00bb global_colors_info=\u00bb{}\u00bb][et_pb_column type=\u00bb1_3&#8243; _builder_version=\u00bb4.16&#8243; custom_padding=\u00bb|||\u00bb global_colors_info=\u00bb{}\u00bb custom_padding__hover=\u00bb|||\u00bb][et_pb_image src=\u00bbhttps:\/\/www.freshsurf.de\/wp-content\/uploads\/2018\/05\/surftricks.png\u00bb align_tablet=\u00bbcenter\u00bb align_phone=\u00bb\u00bb align_last_edited=\u00bbon|desktop\u00bb _builder_version=\u00bb4.16&#8243; z_index_tablet=\u00bb500&#8243; global_colors_info=\u00bb{}\u00bb][\/et_pb_image][\/et_pb_column][et_pb_column type=\u00bb2_3&#8243; _builder_version=\u00bb4.16&#8243; custom_padding=\u00bb|||\u00bb global_colors_info=\u00bb{}\u00bb custom_padding__hover=\u00bb|||\u00bb][et_pb_text _builder_version=\u00bb4.27.4&#8243; background_size=\u00bbinitial\u00bb background_position=\u00bbtop_left\u00bb background_repeat=\u00bbrepeat\u00bb hover_enabled=\u00bb0&#8243; z_index_tablet=\u00bb500&#8243; use_border_color=\u00bboff\u00bb global_colors_info=\u00bb{}\u00bb sticky_enabled=\u00bb0&#8243;]<\/p>\n<h3 style=\"text-align: left;\">Trucos con Surfline TV<\/h3>\n<p style=\"text-align: left;\">En esta p\u00e1gina te mostramos una selecci\u00f3n de diferentes maniobras en breves clips. En los v\u00eddeos encontrar\u00e1s instrucciones precisas sobre c\u00f3mo aprender o realizar el truco. En los v\u00eddeos siempre aparece un surfista profesional explicando cada uno de los trucos. Divi\u00e9rtete mirando y aprendiendo.<\/p>\n<p style=\"text-align: left; text-transform: uppercase; font-weight: normal;\"><a href=\"https:\/\/www.freshsurf.de\/es\/surf-en-fuerteventura\/trucos-y-maniobras-de-surf\/\">tRUCOS DEL sURF<\/a><\/p>\n<p>[\/et_pb_text][\/et_pb_column][\/et_pb_row][et_pb_row column_structure=\u00bb1_3,2_3&#8243; _builder_version=\u00bb4.16&#8243; background_size=\u00bbinitial\u00bb background_position=\u00bbtop_left\u00bb background_repeat=\u00bbrepeat\u00bb global_colors_info=\u00bb{}\u00bb][et_pb_column type=\u00bb1_3&#8243; _builder_version=\u00bb4.16&#8243; custom_padding=\u00bb|||\u00bb global_colors_info=\u00bb{}\u00bb custom_padding__hover=\u00bb|||\u00bb][et_pb_image src=\u00bbhttps:\/\/www.freshsurf.de\/wp-content\/uploads\/2018\/05\/surf-glossar.png\u00bb align_tablet=\u00bbcenter\u00bb align_phone=\u00bb\u00bb align_last_edited=\u00bbon|desktop\u00bb _builder_version=\u00bb4.16&#8243; z_index_tablet=\u00bb500&#8243; global_colors_info=\u00bb{}\u00bb][\/et_pb_image][\/et_pb_column][et_pb_column type=\u00bb2_3&#8243; _builder_version=\u00bb4.16&#8243; custom_padding=\u00bb|||\u00bb global_colors_info=\u00bb{}\u00bb custom_padding__hover=\u00bb|||\u00bb][et_pb_text _builder_version=\u00bb4.27.4&#8243; background_size=\u00bbinitial\u00bb background_position=\u00bbtop_left\u00bb background_repeat=\u00bbrepeat\u00bb hover_enabled=\u00bb0&#8243; z_index_tablet=\u00bb500&#8243; use_border_color=\u00bboff\u00bb global_colors_info=\u00bb{}\u00bb sticky_enabled=\u00bb0&#8243;]<\/p>\n<h3 style=\"text-align: left;\">Surf y glosario del surf &#8211; el ABC del surf<\/h3>\n<p style=\"text-align: left;\">En estas p\u00e1ginas, con tu ayuda, estamos creando nuestro glosario con todos los t\u00e9rminos y palabras del argot surfero relacionados con el surf; la <a href=\"https:\/\/www.freshsurf.de\/es\/escuela-de-surf\/\">escuela de surf<\/a> y el <a href=\"https:\/\/www.freshsurf.de\/es\/campamento-de-surf\/\">surf camp<\/a> de <a href=\"https:\/\/www.freshsurf.de\/es\/fuerteventura\/\">Fuerteventura<\/a>. Si haces clic en una de las letras, acceder\u00e1s a los t\u00e9rminos de surf que empiezan por esa letra.<\/p>\n<p style=\"text-align: left; text-transform: uppercase; font-weight: normal;\"><a href=\"https:\/\/www.freshsurf.de\/es\/abc-del-surf\/\">El ABC del Surf<\/a><\/p>\n<p>[\/et_pb_text][\/et_pb_column][\/et_pb_row][\/et_pb_section]<\/p>\n","protected":false},"excerpt":{"rendered":"<p>ACERCA DEL SURFSurf ABC &#8211; Historia del surf Toda la informaci\u00f3n sobre el aprendizaje del surf y el surf Historia del surf Un regalo de la Polinesia al mundo entero: \u00abA veces, entre 20 y 30 hombres se adentran en el mar con el oleaje, se tumban sobre un trozo ovalado de madera de su [&hellip;]<\/p>\n","protected":false},"author":2,"featured_media":0,"parent":0,"menu_order":122,"comment_status":"closed","ping_status":"closed","template":"","meta":{"_et_pb_use_builder":"on","_et_pb_old_content":"","_et_gb_content_width":"","footnotes":""},"class_list":["post-329941","page","type-page","status-publish","hentry"],"_links":{"self":[{"href":"https:\/\/www.freshsurf.de\/es\/wp-json\/wp\/v2\/pages\/329941","targetHints":{"allow":["GET"]}}],"collection":[{"href":"https:\/\/www.freshsurf.de\/es\/wp-json\/wp\/v2\/pages"}],"about":[{"href":"https:\/\/www.freshsurf.de\/es\/wp-json\/wp\/v2\/types\/page"}],"author":[{"embeddable":true,"href":"https:\/\/www.freshsurf.de\/es\/wp-json\/wp\/v2\/users\/2"}],"replies":[{"embeddable":true,"href":"https:\/\/www.freshsurf.de\/es\/wp-json\/wp\/v2\/comments?post=329941"}],"version-history":[{"count":5,"href":"https:\/\/www.freshsurf.de\/es\/wp-json\/wp\/v2\/pages\/329941\/revisions"}],"predecessor-version":[{"id":331450,"href":"https:\/\/www.freshsurf.de\/es\/wp-json\/wp\/v2\/pages\/329941\/revisions\/331450"}],"wp:attachment":[{"href":"https:\/\/www.freshsurf.de\/es\/wp-json\/wp\/v2\/media?parent=329941"}],"curies":[{"name":"wp","href":"https:\/\/api.w.org\/{rel}","templated":true}]}}