{"id":329810,"date":"2025-03-23T18:43:56","date_gmt":"2025-03-23T17:43:56","guid":{"rendered":"https:\/\/www.freshsurf.de\/restaurantes-en-el-cotillo\/pintxo-pinchos-y-especialidades-espanolas\/"},"modified":"2026-01-09T03:32:28","modified_gmt":"2026-01-09T02:32:28","slug":"pintxo-pinchos-y-especialidades-espanolas","status":"publish","type":"page","link":"https:\/\/www.freshsurf.de\/es\/restaurantes-en-el-cotillo\/pintxo-pinchos-y-especialidades-espanolas\/","title":{"rendered":"PintX\u00d3 &#8211; Pinchos y especialidades espa\u00f1olas"},"content":{"rendered":"<p>[et_pb_section fb_built=\u00bb1&#8243; _builder_version=\u00bb4.16&#8243; global_colors_info=\u00bb{}\u00bb][et_pb_row _builder_version=\u00bb4.16&#8243; background_size=\u00bbinitial\u00bb background_position=\u00bbtop_left\u00bb background_repeat=\u00bbrepeat\u00bb global_colors_info=\u00bb{}\u00bb][et_pb_column type=\u00bb4_4&#8243; _builder_version=\u00bb4.16&#8243; custom_padding=\u00bb|||\u00bb global_colors_info=\u00bb{}\u00bb custom_padding__hover=\u00bb|||\u00bb][et_pb_text _builder_version=\u00bb4.19.2&#8243; header_font=\u00bbSalty||||||||\u00bb header_text_align=\u00bbcenter\u00bb header_text_color=\u00bb#05a5b1&#8243; header_font_size=\u00bb60px\u00bb z_index_tablet=\u00bb500&#8243; text_text_shadow_horizontal_length_tablet=\u00bb0px\u00bb text_text_shadow_vertical_length_tablet=\u00bb0px\u00bb text_text_shadow_blur_strength_tablet=\u00bb1px\u00bb link_text_shadow_horizontal_length_tablet=\u00bb0px\u00bb link_text_shadow_vertical_length_tablet=\u00bb0px\u00bb link_text_shadow_blur_strength_tablet=\u00bb1px\u00bb ul_text_shadow_horizontal_length_tablet=\u00bb0px\u00bb ul_text_shadow_vertical_length_tablet=\u00bb0px\u00bb ul_text_shadow_blur_strength_tablet=\u00bb1px\u00bb ol_text_shadow_horizontal_length_tablet=\u00bb0px\u00bb ol_text_shadow_vertical_length_tablet=\u00bb0px\u00bb ol_text_shadow_blur_strength_tablet=\u00bb1px\u00bb quote_text_shadow_horizontal_length_tablet=\u00bb0px\u00bb quote_text_shadow_vertical_length_tablet=\u00bb0px\u00bb quote_text_shadow_blur_strength_tablet=\u00bb1px\u00bb header_text_shadow_horizontal_length_tablet=\u00bb0px\u00bb header_text_shadow_vertical_length_tablet=\u00bb0px\u00bb header_text_shadow_blur_strength_tablet=\u00bb1px\u00bb header_2_text_shadow_horizontal_length_tablet=\u00bb0px\u00bb header_2_text_shadow_vertical_length_tablet=\u00bb0px\u00bb header_2_text_shadow_blur_strength_tablet=\u00bb1px\u00bb header_3_text_shadow_horizontal_length_tablet=\u00bb0px\u00bb header_3_text_shadow_vertical_length_tablet=\u00bb0px\u00bb header_3_text_shadow_blur_strength_tablet=\u00bb1px\u00bb header_4_text_shadow_horizontal_length_tablet=\u00bb0px\u00bb header_4_text_shadow_vertical_length_tablet=\u00bb0px\u00bb header_4_text_shadow_blur_strength_tablet=\u00bb1px\u00bb header_5_text_shadow_horizontal_length_tablet=\u00bb0px\u00bb header_5_text_shadow_vertical_length_tablet=\u00bb0px\u00bb header_5_text_shadow_blur_strength_tablet=\u00bb1px\u00bb header_6_text_shadow_horizontal_length_tablet=\u00bb0px\u00bb header_6_text_shadow_vertical_length_tablet=\u00bb0px\u00bb header_6_text_shadow_blur_strength_tablet=\u00bb1px\u00bb box_shadow_horizontal_tablet=\u00bb0px\u00bb box_shadow_vertical_tablet=\u00bb0px\u00bb box_shadow_blur_tablet=\u00bb40px\u00bb box_shadow_spread_tablet=\u00bb0px\u00bb global_colors_info=\u00bb{}\u00bb]<\/p>\n<h1>PintX\u00f3<\/h1>\n<h3 style=\"text-align: center\">Pintxos en abundancia<\/h3>\n<p>[\/et_pb_text][et_pb_image src=\u00bbhttps:\/\/www.freshsurf.de\/wp-content\/uploads\/2023\/09\/La-Boqueria.jpg\u00bb alt=\u00bbLa Boqueria\u00bb title_text=\u00bbLa Boqueria\u00bb _builder_version=\u00bb4.19.2&#8243; _module_preset=\u00bbdefault\u00bb global_colors_info=\u00bb{}\u00bb][\/et_pb_image][et_pb_text _builder_version=\u00bb4.19.2&#8243; z_index_tablet=\u00bb500&#8243; text_text_shadow_horizontal_length_tablet=\u00bb0px\u00bb text_text_shadow_vertical_length_tablet=\u00bb0px\u00bb text_text_shadow_blur_strength_tablet=\u00bb1px\u00bb link_text_shadow_horizontal_length_tablet=\u00bb0px\u00bb link_text_shadow_vertical_length_tablet=\u00bb0px\u00bb link_text_shadow_blur_strength_tablet=\u00bb1px\u00bb ul_text_shadow_horizontal_length_tablet=\u00bb0px\u00bb ul_text_shadow_vertical_length_tablet=\u00bb0px\u00bb ul_text_shadow_blur_strength_tablet=\u00bb1px\u00bb ol_text_shadow_horizontal_length_tablet=\u00bb0px\u00bb ol_text_shadow_vertical_length_tablet=\u00bb0px\u00bb ol_text_shadow_blur_strength_tablet=\u00bb1px\u00bb quote_text_shadow_horizontal_length_tablet=\u00bb0px\u00bb quote_text_shadow_vertical_length_tablet=\u00bb0px\u00bb quote_text_shadow_blur_strength_tablet=\u00bb1px\u00bb header_text_shadow_horizontal_length_tablet=\u00bb0px\u00bb header_text_shadow_vertical_length_tablet=\u00bb0px\u00bb header_text_shadow_blur_strength_tablet=\u00bb1px\u00bb header_2_text_shadow_horizontal_length_tablet=\u00bb0px\u00bb header_2_text_shadow_vertical_length_tablet=\u00bb0px\u00bb header_2_text_shadow_blur_strength_tablet=\u00bb1px\u00bb header_3_text_shadow_horizontal_length_tablet=\u00bb0px\u00bb header_3_text_shadow_vertical_length_tablet=\u00bb0px\u00bb header_3_text_shadow_blur_strength_tablet=\u00bb1px\u00bb header_4_text_shadow_horizontal_length_tablet=\u00bb0px\u00bb header_4_text_shadow_vertical_length_tablet=\u00bb0px\u00bb header_4_text_shadow_blur_strength_tablet=\u00bb1px\u00bb header_5_text_shadow_horizontal_length_tablet=\u00bb0px\u00bb header_5_text_shadow_vertical_length_tablet=\u00bb0px\u00bb header_5_text_shadow_blur_strength_tablet=\u00bb1px\u00bb header_6_text_shadow_horizontal_length_tablet=\u00bb0px\u00bb header_6_text_shadow_vertical_length_tablet=\u00bb0px\u00bb header_6_text_shadow_blur_strength_tablet=\u00bb1px\u00bb box_shadow_horizontal_tablet=\u00bb0px\u00bb box_shadow_vertical_tablet=\u00bb0px\u00bb box_shadow_blur_tablet=\u00bb40px\u00bb box_shadow_spread_tablet=\u00bb0px\u00bb global_colors_info=\u00bb{}\u00bb]<\/p>\n<p>PintX\u00d3 &#8211; ein absolutes Highlight in <a href=\"https:\/\/www.freshsurf.de\/es\/el-cotillo\/\">El Cotillo<\/a>! Um den Abend ganz entspannt, mit <strong>Blick auf das Meer<\/strong> ausklingen zu lassen, empfehlen wir das spanische Pincho Restaurant PintX\u00d3.<\/p>\n<p style=\"text-align: left\">Hier kannst du zwischen original <a href=\"https:\/\/www.freshsurf.de\/2019\/05\/16\/tapas-die-spanische-antwort-auf-den-kleinen-hunger-und-noch-so-viel-mehr-ein-echtes-lebensgefuhl\/\">spanischen Tapas<\/a> und vielen anderen<strong> frischen Hauptgerichten<\/strong> w\u00e4hlen &#8211; und dabei einen leckeren Cocktail oder ein Bier genie\u00dfen. Besonders lieben wir die gro\u00dfe Terrasse von der aus du die wohl sch\u00f6nsten Sonnenunterg\u00e4nge direkt \u00fcber dem Meer bewundern kannst. Das Team von PintX\u00d3 ist immer gut gelaunt und mit Leidenschaft dabei!<\/p>\n<p style=\"text-align: left\">Sehr leckeres Essen, neben den kulinarisch sehr ansprechenden Pinxtos (<strong>baskischen \u201eTapas\u201c<\/strong>) findest du hier auch sehr leckere, tagesaktuelle und reichhaltige Mahlzeiten. Ein<strong> Gaumenschmaus f\u00fcr Genie\u00dfer<\/strong>.<\/p>\n<p style=\"text-align: left\"><strong>Unser spezial Tip:<\/strong> An einigen Tagen im Monat spielt im PintX\u00d3 eine <strong>Live-Band<\/strong> f\u00fcr euch &#8211; n\u00e4here Infos zu den Terminen findest du bei Facebook oder Instagram.<\/p>\n<p>[\/et_pb_text][\/et_pb_column][\/et_pb_row][et_pb_row column_structure=\u00bb1_2,1_2&#8243; _builder_version=\u00bb4.16&#8243; background_size=\u00bbinitial\u00bb background_position=\u00bbtop_left\u00bb background_repeat=\u00bbrepeat\u00bb global_colors_info=\u00bb{}\u00bb][et_pb_column type=\u00bb1_2&#8243; _builder_version=\u00bb4.16&#8243; custom_padding=\u00bb|||\u00bb global_colors_info=\u00bb{}\u00bb custom_padding__hover=\u00bb|||\u00bb][et_pb_text _builder_version=\u00bb4.16&#8243; z_index_tablet=\u00bb500&#8243; global_colors_info=\u00bb{}\u00bb]<\/p>\n<p>[\/et_pb_text][\/et_pb_column][et_pb_column type=\u00bb1_2&#8243; _builder_version=\u00bb4.16&#8243; custom_padding=\u00bb|||\u00bb global_colors_info=\u00bb{}\u00bb custom_padding__hover=\u00bb|||\u00bb][et_pb_text _builder_version=\u00bb4.19.2&#8243; z_index_tablet=\u00bb500&#8243; global_colors_info=\u00bb{}\u00bb]<\/p>\n<h2><\/h2>\n<h2>Horario de apertura:<\/h2>\n<p>De lunes a domingo (martes cerrado)<br \/>11:00 a 23:00<\/p>\n<h2>Informaci\u00f3n de contacto:<\/h2>\n<p>Tel\u00e9fono: +34 928 719 394<\/p>\n<p>[\/et_pb_text][\/et_pb_column][\/et_pb_row][et_pb_row _builder_version=\u00bb4.16&#8243; background_size=\u00bbinitial\u00bb background_position=\u00bbtop_left\u00bb background_repeat=\u00bbrepeat\u00bb global_colors_info=\u00bb{}\u00bb][et_pb_column type=\u00bb4_4&#8243; _builder_version=\u00bb4.16&#8243; custom_padding=\u00bb|||\u00bb global_colors_info=\u00bb{}\u00bb custom_padding__hover=\u00bb|||\u00bb][et_pb_text _builder_version=\u00bb4.25.2&#8243; hover_enabled=\u00bb0&#8243; z_index_tablet=\u00bb500&#8243; global_colors_info=\u00bb{}\u00bb sticky_enabled=\u00bb0&#8243;]<\/p>\n<p><a href=\"https:\/\/www.freshsurf.de\/es\/restaurantes-en-el-cotillo\/\">Zur\u00fcck zum Restaurantguide El Cotillo<\/a><\/p>\n<p>[\/et_pb_text][\/et_pb_column][\/et_pb_row][\/et_pb_section]<\/p>\n","protected":false},"excerpt":{"rendered":"<p>En PintX\u00d3 podr\u00e1 disfrutar de tapas frescas y especialidades espa\u00f1olas mientras admira la puesta de sol sobre el mar.<\/p>\n","protected":false},"author":21,"featured_media":305869,"parent":329242,"menu_order":150,"comment_status":"closed","ping_status":"closed","template":"","meta":{"_et_pb_use_builder":"on","_et_pb_old_content":"","_et_gb_content_width":"","footnotes":""},"class_list":["post-329810","page","type-page","status-publish","has-post-thumbnail","hentry"],"_links":{"self":[{"href":"https:\/\/www.freshsurf.de\/es\/wp-json\/wp\/v2\/pages\/329810","targetHints":{"allow":["GET"]}}],"collection":[{"href":"https:\/\/www.freshsurf.de\/es\/wp-json\/wp\/v2\/pages"}],"about":[{"href":"https:\/\/www.freshsurf.de\/es\/wp-json\/wp\/v2\/types\/page"}],"author":[{"embeddable":true,"href":"https:\/\/www.freshsurf.de\/es\/wp-json\/wp\/v2\/users\/21"}],"replies":[{"embeddable":true,"href":"https:\/\/www.freshsurf.de\/es\/wp-json\/wp\/v2\/comments?post=329810"}],"version-history":[{"count":9,"href":"https:\/\/www.freshsurf.de\/es\/wp-json\/wp\/v2\/pages\/329810\/revisions"}],"predecessor-version":[{"id":337425,"href":"https:\/\/www.freshsurf.de\/es\/wp-json\/wp\/v2\/pages\/329810\/revisions\/337425"}],"up":[{"embeddable":true,"href":"https:\/\/www.freshsurf.de\/es\/wp-json\/wp\/v2\/pages\/329242"}],"wp:featuredmedia":[{"embeddable":true,"href":"https:\/\/www.freshsurf.de\/es\/wp-json\/wp\/v2\/media\/305869"}],"wp:attachment":[{"href":"https:\/\/www.freshsurf.de\/es\/wp-json\/wp\/v2\/media?parent=329810"}],"curies":[{"name":"wp","href":"https:\/\/api.w.org\/{rel}","templated":true}]}}