{"id":327097,"date":"2025-03-14T21:12:21","date_gmt":"2025-03-14T20:12:21","guid":{"rendered":"https:\/\/www.freshsurf.de\/oceano-y-mar-teoria-del-surf-antes-de-lanzarse-al-agua\/"},"modified":"2025-12-22T17:02:48","modified_gmt":"2025-12-22T16:02:48","slug":"oceano-y-mar-teoria-del-surf-antes-de-lanzarse-al-agua","status":"publish","type":"page","link":"https:\/\/www.freshsurf.de\/es\/oceano-y-mar-teoria-del-surf-antes-de-lanzarse-al-agua\/","title":{"rendered":"Oc\u00e9ano y mar: teor\u00eda del surf antes de lanzarse al agua"},"content":{"rendered":"<p>[et_pb_section fb_built=\u00bb1&#8243; _builder_version=\u00bb4.16&#8243; global_colors_info=\u00bb{}\u00bb][et_pb_row _builder_version=\u00bb4.16&#8243; global_colors_info=\u00bb{}\u00bb][et_pb_column type=\u00bb4_4&#8243; _builder_version=\u00bb4.16&#8243; custom_padding=\u00bb|||\u00bb global_colors_info=\u00bb{}\u00bb custom_padding__hover=\u00bb|||\u00bb][et_pb_text _builder_version=\u00bb4.27.4&#8243; header_font_size=\u00bb35px\u00bb header_3_font_size=\u00bb24px\u00bb hover_enabled=\u00bb0&#8243; z_index_tablet=\u00bb500&#8243; global_colors_info=\u00bb{}\u00bb sticky_enabled=\u00bb0&#8243;]<\/p>\n<h1>Oc\u00e9ano y mar &#8211; teor\u00eda del surf<\/h1>\n<h3>Alrededor del 71% de la superficie terrestre est\u00e1 cubierta de agua. Esto es bueno para los surfistas, ya que hay olas estupendas en casi todas las costas.<\/h3>\n<p>Los oc\u00e9anos y mares del mundo ofrecen olas para surfear en casi todas las costas del planeta. Incluso en los mares relativamente peque\u00f1os, como el del Norte y el B\u00e1ltico, se practica surf en alg\u00fan lugar casi todos los d\u00edas. Incluso se puede surfear en el lago Constanza. En primer lugar, nos gustar\u00eda presentarte los tres oc\u00e9anos m\u00e1s grandes del planeta, ya que el potencial de olas perfectas es mayor en las costas de los oc\u00e9anos Atl\u00e1ntico, Pac\u00edfico e \u00cdndico.<\/p>\n<h2>El Pac\u00edfico<\/h2>\n<p><img decoding=\"async\" class=\"alignnone size-full wp-image-97333\" src=\"https:\/\/www.freshsurf.de\/wp-content\/uploads\/2020\/01\/Das-Meer-Pacifik-Ocean-Surfer.jpg\" alt=\"El mar - Pacific-Ocean-Surfer.jpg\" width=\"1080\" height=\"560\" title=\"\" srcset=\"https:\/\/www.freshsurf.de\/wp-content\/uploads\/2020\/01\/Das-Meer-Pacifik-Ocean-Surfer.jpg 1080w, https:\/\/www.freshsurf.de\/wp-content\/uploads\/2020\/01\/Das-Meer-Pacifik-Ocean-Surfer-300x156.jpg 300w, https:\/\/www.freshsurf.de\/wp-content\/uploads\/2020\/01\/Das-Meer-Pacifik-Ocean-Surfer-768x398.jpg 768w\" sizes=\"(max-width: 1080px) 100vw, 1080px\" \/>___________________________________<\/p>\n<p>Superficie: aprox. 165.200.000 km\u00b2.<\/p>\n<p>Volumen: 696.190.000 km\u00b3 aprox.<\/p>\n<p>Punto m\u00e1s profundo: 11.034 metros (Fosa de las Marianas)<\/p>\n<p>___________________________________<\/p>\n<p>El <b>oc\u00e9ano Pac\u00edfico<\/b> (lat\u00edn <span lang=\"la-Latn\"><i>pacificus<\/i><\/span> &#8216;pac\u00edfico&#8217;), tambi\u00e9n conocido como <b>Oc\u00e9ano Pac\u00edfico, Oc\u00e9ano Pac\u00edfico<\/b> o <b>Gran Oc\u00e9ano<\/b>, es el oc\u00e9ano m\u00e1s grande y profundo de la Tierra y limita con todos los dem\u00e1s oc\u00e9anos. \u00a1Todo en el Pac\u00edfico es enorme! Tiene casi el doble de tama\u00f1o que el oc\u00e9ano Atl\u00e1ntico y cubre un tercio de toda la superficie de la Tierra. Es el oc\u00e9ano m\u00e1s profundo y alberga la mayor monta\u00f1a (submarina) del planeta, el mayor arrecife de coral y, lo que es m\u00e1s importante para ti como <a href=\"https:\/\/www.freshsurf.de\/es\/sobre-el-surf\/\">surfista<\/a>, las olas m\u00e1s grandes.<\/p>\n<p>Las violentas tormentas sobre las islas Aleutianas, en el Pac\u00edfico Norte, y los temporales de los \u00abCuarenta Rugientes\u00bb garantizan oleajes constantes en todas direcciones. El Pac\u00edfico est\u00e1 enmarcado por el Anillo de Fuego: 452 volcanes se sit\u00faan en el borde de la placa del Pac\u00edfico, desde Nueva Zelanda hasta Chile, pasando por Alaska y Jap\u00f3n. Hawai se alza majestuoso en medio de esta inmensa placa tect\u00f3nica y constituye el centro del Anillo de Fuego y del universo del surf.<\/p>\n<p>&nbsp;<\/p>\n<h2>El Oc\u00e9ano Atl\u00e1ntico<\/h2>\n<p><img decoding=\"async\" class=\"alignnone size-full wp-image-97334\" src=\"https:\/\/www.freshsurf.de\/wp-content\/uploads\/2020\/01\/Das-Meer-Atlantic-Ocean.jpg\" alt=\"El mar - Atl\u00e1ntico-Oc\u00e9ano\" width=\"1080\" height=\"560\" title=\"\" srcset=\"https:\/\/www.freshsurf.de\/wp-content\/uploads\/2020\/01\/Das-Meer-Atlantic-Ocean.jpg 1080w, https:\/\/www.freshsurf.de\/wp-content\/uploads\/2020\/01\/Das-Meer-Atlantic-Ocean-300x156.jpg 300w, https:\/\/www.freshsurf.de\/wp-content\/uploads\/2020\/01\/Das-Meer-Atlantic-Ocean-768x398.jpg 768w\" sizes=\"(max-width: 1080px) 100vw, 1080px\" \/><\/p>\n<p>___________________________________<\/p>\n<p>Superficie: aprox. 81.705.000 km\u00b2.<\/p>\n<p>Volumen: aprox. 345.700.000 km\u00b3<\/p>\n<p>Punto m\u00e1s profundo: 8.605 metros (Fosa de Puerto Rico)<\/p>\n<p>___________________________________<\/p>\n<p>El oc\u00e9ano <b>Atl\u00e1ntico<\/b>, tambi\u00e9n conocido como <b>Atl\u00e1ntico<\/b>, es el segundo oc\u00e9ano m\u00e1s grande de la Tierra despu\u00e9s del Pac\u00edfico. Sus l\u00edmites son los c\u00edrculos polares y los meridianos que pasan por el cabo de las Agujas, al este, y el cabo de Hornos, al oeste. Comparado con el mayor y m\u00e1s profundo oc\u00e9ano Pac\u00edfico, el Atl\u00e1ntico puede no parecer tan impresionante a primera vista, pero tambi\u00e9n tiene unos cuantos superlativos apasionantes. El Atl\u00e1ntico es el oc\u00e9ano m\u00e1s tormentoso del mundo, alberga las mayores diferencias de marea y la Dorsal Mesoatl\u00e1ntica forma la cordillera (submarina) m\u00e1s larga de la Tierra. Esta cadena monta\u00f1osa es tan larga como el Himalaya, los Andes y las Monta\u00f1as Rocosas juntos. El Atl\u00e1ntico cubre el 25% de la superficie terrestre y recibe la mayor cantidad de agua dulce de los r\u00edos de todos los oc\u00e9anos. En comparaci\u00f3n, la mayor\u00eda de la poblaci\u00f3n vive a orillas del Atl\u00e1ntico.<\/p>\n<p>&nbsp;<\/p>\n<h2>Oc\u00e9ano \u00cdndico &#8211; El Oc\u00e9ano \u00cdndico<\/h2>\n<p><img decoding=\"async\" class=\"alignnone size-full wp-image-97335\" src=\"https:\/\/www.freshsurf.de\/wp-content\/uploads\/2020\/01\/Das-Meer-Indischer-Ozean.jpg\" alt=\"El mar - Oc\u00e9ano \u00cdndico\" width=\"1080\" height=\"560\" title=\"\" srcset=\"https:\/\/www.freshsurf.de\/wp-content\/uploads\/2020\/01\/Das-Meer-Indischer-Ozean.jpg 1080w, https:\/\/www.freshsurf.de\/wp-content\/uploads\/2020\/01\/Das-Meer-Indischer-Ozean-300x156.jpg 300w, https:\/\/www.freshsurf.de\/wp-content\/uploads\/2020\/01\/Das-Meer-Indischer-Ozean-768x398.jpg 768w\" sizes=\"(max-width: 1080px) 100vw, 1080px\" \/><\/p>\n<p>___________________________________<\/p>\n<p>Superficie: aprox. 74.970.000 km\u00b2.<\/p>\n<p>Volumen: 291.900.000 km\u00b3 aprox.<\/p>\n<p>Punto m\u00e1s bajo: 8.047 metros (Sundagraben)<\/p>\n<p>___________________________________<\/p>\n<p>La mayor parte del oc\u00e9ano \u00cdndico est\u00e1 situada en el hemisferio sur. Limita con los continentes de \u00c1frica, Asia y Australia, as\u00ed como con los oc\u00e9anos Atl\u00e1ntico y Pac\u00edfico y, a lo largo del paralelo 60\u00b0 sur, con el oc\u00e9ano Ant\u00e1rtico. Aunque el oc\u00e9ano Pac\u00edfico es el m\u00e1s grande y el Atl\u00e1ntico el m\u00e1s tormentoso, <strong>las mejores olas<\/strong> se siguen encontrando <strong>en el oc\u00e9ano \u00cdndico<\/strong>. \u00bfPor qu\u00e9? Los \u00abCuarenta rugientes\u00bb, una regi\u00f3n al norte de la Ant\u00e1rtida donde una zona de bajas presiones persigue a la siguiente, generan olas casi continuamente.<\/p>\n<p>En su viaje aparentemente interminable por el sur del oc\u00e9ano \u00cdndico, no encuentran masas de tierra que puedan frenar las olas. Esta zona de tormentas muy estable, situada a 40\u00b0 de latitud en el hemisferio sur, env\u00eda constantemente olas perfectas hacia el norte. Indonesia y algunas peque\u00f1as islas dispersas absorben estas olas y las convierten en rompientes de talla mundial con un tel\u00f3n de fondo tropical. No en vano Indonesia es el primer destino de vacaciones para practicar surf.<\/p>\n<p>Adem\u00e1s de los 3 grandes y m\u00e1s importantes mares y oc\u00e9anos, <strong>en Alemania<\/strong> tambi\u00e9n tenemos <strong>dos mares especiales<\/strong> que no queremos callar aqu\u00ed. El Mar del Norte y el Mar B\u00e1ltico.<\/p>\n<p>&nbsp;<\/p>\n<h2>El Mar del Norte, uno de los mares alemanes<\/h2>\n<p><img decoding=\"async\" class=\"alignnone size-full wp-image-97336\" src=\"https:\/\/www.freshsurf.de\/wp-content\/uploads\/2020\/01\/Das-Meer-die-Nordsee.jpg\" alt=\"El mar: el Mar del Norte\" width=\"1080\" height=\"560\" title=\"\" srcset=\"https:\/\/www.freshsurf.de\/wp-content\/uploads\/2020\/01\/Das-Meer-die-Nordsee.jpg 1080w, https:\/\/www.freshsurf.de\/wp-content\/uploads\/2020\/01\/Das-Meer-die-Nordsee-300x156.jpg 300w, https:\/\/www.freshsurf.de\/wp-content\/uploads\/2020\/01\/Das-Meer-die-Nordsee-768x398.jpg 768w\" sizes=\"(max-width: 1080px) 100vw, 1080px\" \/><\/p>\n<p>___________________________________<\/p>\n<p>Superficie: aprox. 575.000 km\u00b2.<\/p>\n<p>Volumen: aprox. 54.000 km\u00b3<\/p>\n<p>Punto m\u00e1s profundo: 725 metros<\/p>\n<p>___________________________________<\/p>\n<p>Para muchos de nosotros, los alemanes, el Mar del Norte es la base del <a href=\"https:\/\/www.freshsurf.de\/es\/surf\/\">surf<\/a>. Ya sea en Sylt, en las islas Frisias Orientales, en Helgoland o en Holanda y Dinamarca, la gente practica surf con regularidad en todas partes. Los lugare\u00f1os comparten una especie de relaci\u00f3n de amor-odio con el Mar del Norte. El hecho de que sea bastante peque\u00f1o y poco profundo, con una superficie de unos 575.000 kil\u00f3metros cuadrados y una profundidad media de unos 90 metros, hace que rara vez se formen verdaderas marejadas en tierra. Por regla general, los surfistas del Mar del Norte surfean <strong>olas de viento sopladas y picadas<\/strong> que se generan por zonas de bajas presiones directamente sobre las costas.<\/p>\n<p>A menudo luchamos contra los elementos, lo que a su vez aumenta el encanto de nuestra m\u00e1quina de hacer olas en casa. Y los que permanecen fieles al Mar del Norte a pesar de todas las circunstancias y se dirigen regularmente a la costa siempre se ven recompensados con d\u00edas sorprendentemente buenos. Merece la pena surfear en el Mar del Norte una vez que te has acostumbrado al agua fr\u00eda y al viento. Suele estar a s\u00f3lo unas horas en coche de casa y ofrece alg\u00fan que otro agradable viaje de fin de semana.<\/p>\n<p>&nbsp;<\/p>\n<h2>El B\u00e1ltico, nuestro segundo mar alem\u00e1n<\/h2>\n<p><img decoding=\"async\" class=\"alignnone size-full wp-image-97337\" src=\"https:\/\/www.freshsurf.de\/wp-content\/uploads\/2020\/01\/Das-Meer-Die-Ostsee.jpg\" alt=\"El mar - El mar B\u00e1ltico\" width=\"1080\" height=\"560\" title=\"\" srcset=\"https:\/\/www.freshsurf.de\/wp-content\/uploads\/2020\/01\/Das-Meer-Die-Ostsee.jpg 1080w, https:\/\/www.freshsurf.de\/wp-content\/uploads\/2020\/01\/Das-Meer-Die-Ostsee-300x156.jpg 300w, https:\/\/www.freshsurf.de\/wp-content\/uploads\/2020\/01\/Das-Meer-Die-Ostsee-768x398.jpg 768w\" sizes=\"(max-width: 1080px) 100vw, 1080px\" \/><\/p>\n<p>___________________________________<\/p>\n<p>Superficie: aprox. 412.500 km\u00b2.<\/p>\n<p>Volumen: aprox. 20.000 km\u00b3<\/p>\n<p>Punto m\u00e1s profundo: 459 metros<\/p>\n<p>___________________________________<\/p>\n<p>El Mar B\u00e1ltico es el mayor mar salobre del mundo y, en comparaci\u00f3n con el Mar del Norte, es a\u00fan menos fiable cuando se trata de olas surfeables. Nuestros spots alemanes del Mar B\u00e1ltico, como Wei\u00dfenhaus, Timmendorf, Damp, K\u00fchlungsborn, etc., s\u00f3lo se surfean el 99% de las veces con fuertes vientos de tierra. Esto suele significar periodos cortos y un caos extremadamente agitado. Sin embargo, las lugare\u00f1os del Mar B\u00e1ltico conocen ahora tan bien su costa que siempre consiguen sesiones sorprendentemente buenas. Pero ser\u00e1 mejor que est\u00e9s en el lugar adecuado en el momento exacto, de lo contrario te frustrar\u00e1s r\u00e1pidamente. As\u00ed que ll\u00e9vate bien con los lugare\u00f1os y quiz\u00e1 consigas una llamada interesante de vez en cuando.<\/p>\n<p>[\/et_pb_text][\/et_pb_column][\/et_pb_row][et_pb_row _builder_version=\u00bb4.16&#8243; background_size=\u00bbinitial\u00bb background_position=\u00bbtop_left\u00bb background_repeat=\u00bbrepeat\u00bb global_colors_info=\u00bb{}\u00bb column_structure=\u00bb1_2,1_2&#8243;][et_pb_column type=\u00bb1_2&#8243; _builder_version=\u00bb4.16&#8243; custom_padding=\u00bb|||\u00bb global_colors_info=\u00bb{}\u00bb custom_padding__hover=\u00bb|||\u00bb][et_pb_cta title=\u00bbAntecedentes y conocimientos de navegaci\u00f3n\u00bb button_url=\u00bbhttps:\/\/www.freshsurf.de\/surfwissen\/\u00bb button_text=\u00bbM\u00e1s conocimientos sobre surf\u00bb _builder_version=\u00bb4.16&#8243; use_background_color=\u00bboff\u00bb background_layout=\u00bblight\u00bb z_index_tablet=\u00bb500&#8243; global_colors_info=\u00bb{}\u00bb]<\/p>\n<p><img decoding=\"async\" class=\"alignnone size-full wp-image-71910\" src=\"https:\/\/www.freshsurf.de\/wp-content\/uploads\/2018\/05\/surfwissen.jpg\" alt=\"Conocimientos de surf\" width=\"1080\" height=\"504\" title=\"\" srcset=\"https:\/\/www.freshsurf.de\/wp-content\/uploads\/2018\/05\/surfwissen.jpg 1080w, https:\/\/www.freshsurf.de\/wp-content\/uploads\/2018\/05\/surfwissen-300x140.jpg 300w, https:\/\/www.freshsurf.de\/wp-content\/uploads\/2018\/05\/surfwissen-768x358.jpg 768w\" sizes=\"(max-width: 1080px) 100vw, 1080px\" \/><\/p>\n<p>[\/et_pb_cta][\/et_pb_column][et_pb_column type=\u00bb1_2&#8243; _builder_version=\u00bb4.16&#8243; custom_padding=\u00bb|||\u00bb global_colors_info=\u00bb{}\u00bb custom_padding__hover=\u00bb|||\u00bb][et_pb_cta title=\u00bb5 razones para vivir junto al mar\u00bb button_url=\u00bbhttps:\/\/www.freshsurf.de\/2019\/01\/02\/5-grunde-warum-du-unbedingt-am-meer-leben-solltest\/\u00bb button_text=\u00bb\u00bfPor qu\u00e9 vivir junto al mar? He aqu\u00ed nuestras 5 razones principales. \u00bb _builder_version=\u00bb4.16&#8243; use_background_color=\u00bboff\u00bb background_layout=\u00bblight\u00bb z_index_tablet=\u00bb500&#8243; global_colors_info=\u00bb{}\u00bb]<\/p>\n<p><img decoding=\"async\" class=\"alignnone size-full wp-image-79156\" src=\"https:\/\/www.freshsurf.de\/wp-content\/uploads\/2018\/12\/Titelbild-Meer.jpg\" alt=\"5 razones para vivir junto al mar\" width=\"1080\" height=\"516\" title=\"\" srcset=\"https:\/\/www.freshsurf.de\/wp-content\/uploads\/2018\/12\/Titelbild-Meer.jpg 1080w, https:\/\/www.freshsurf.de\/wp-content\/uploads\/2018\/12\/Titelbild-Meer-300x143.jpg 300w, https:\/\/www.freshsurf.de\/wp-content\/uploads\/2018\/12\/Titelbild-Meer-768x367.jpg 768w\" sizes=\"(max-width: 1080px) 100vw, 1080px\" \/><\/p>\n<p>[\/et_pb_cta][\/et_pb_column][\/et_pb_row][\/et_pb_section]<\/p>\n","protected":false},"excerpt":{"rendered":"<p>Oc\u00e9ano y mar &#8211; teor\u00eda del surf Alrededor del 71% de la superficie terrestre est\u00e1 cubierta de agua. Esto es bueno para los surfistas, ya que hay olas estupendas en casi todas las costas. Los oc\u00e9anos y mares del mundo ofrecen olas para surfear en casi todas las costas del planeta. Incluso en los mares [&hellip;]<\/p>\n","protected":false},"author":2,"featured_media":97332,"parent":0,"menu_order":40,"comment_status":"closed","ping_status":"closed","template":"","meta":{"_et_pb_use_builder":"on","_et_pb_old_content":"","_et_gb_content_width":"","footnotes":""},"class_list":["post-327097","page","type-page","status-publish","has-post-thumbnail","hentry"],"_links":{"self":[{"href":"https:\/\/www.freshsurf.de\/es\/wp-json\/wp\/v2\/pages\/327097","targetHints":{"allow":["GET"]}}],"collection":[{"href":"https:\/\/www.freshsurf.de\/es\/wp-json\/wp\/v2\/pages"}],"about":[{"href":"https:\/\/www.freshsurf.de\/es\/wp-json\/wp\/v2\/types\/page"}],"author":[{"embeddable":true,"href":"https:\/\/www.freshsurf.de\/es\/wp-json\/wp\/v2\/users\/2"}],"replies":[{"embeddable":true,"href":"https:\/\/www.freshsurf.de\/es\/wp-json\/wp\/v2\/comments?post=327097"}],"version-history":[{"count":4,"href":"https:\/\/www.freshsurf.de\/es\/wp-json\/wp\/v2\/pages\/327097\/revisions"}],"predecessor-version":[{"id":336217,"href":"https:\/\/www.freshsurf.de\/es\/wp-json\/wp\/v2\/pages\/327097\/revisions\/336217"}],"wp:featuredmedia":[{"embeddable":true,"href":"https:\/\/www.freshsurf.de\/es\/wp-json\/wp\/v2\/media\/97332"}],"wp:attachment":[{"href":"https:\/\/www.freshsurf.de\/es\/wp-json\/wp\/v2\/media?parent=327097"}],"curies":[{"name":"wp","href":"https:\/\/api.w.org\/{rel}","templated":true}]}}