{"id":327003,"date":"2025-03-14T15:19:43","date_gmt":"2025-03-14T14:19:43","guid":{"rendered":"https:\/\/www.freshsurf.de\/freshsurf-en-fuerteventura-sobre-nosotros\/"},"modified":"2026-02-11T14:49:29","modified_gmt":"2026-02-11T13:49:29","slug":"freshsurf-en-fuerteventura-sobre-nosotros","status":"publish","type":"page","link":"https:\/\/www.freshsurf.de\/es\/freshsurf-en-fuerteventura-sobre-nosotros\/","title":{"rendered":"FreshSurf Fuerteventura &#8211; Sobre nosotros"},"content":{"rendered":"<p>[et_pb_section fb_built=\u00bb1&#8243; _builder_version=\u00bb4.27.5&#8243; _module_preset=\u00bbdefault\u00bb custom_padding=\u00bb||0px|||\u00bb locked=\u00bboff\u00bb global_colors_info=\u00bb{}\u00bb][et_pb_row _builder_version=\u00bb4.27.5&#8243; _module_preset=\u00bbdefault\u00bb custom_padding=\u00bb36px|||||\u00bb global_colors_info=\u00bb{}\u00bb][et_pb_column type=\u00bb4_4&#8243; _builder_version=\u00bb4.27.5&#8243; _module_preset=\u00bbdefault\u00bb global_colors_info=\u00bb{}\u00bb][et_pb_text content_tablet=\u00bb<\/p>\n<h1>Surfcamp Fuerteventura | Surfen lernen in El Cotillo<\/h1>\n<p>\u00bb content_phone=\u00bb<\/p>\n<h1>Surfcamp Fuerteventura<\/h1>\n<\/p>\n<p>\u00bb content_last_edited=\u00bbon|phone\u00bb _builder_version=\u00bb4.27.5&#8243; text_font=\u00bb|||on|||||\u00bb text_text_color=\u00bb#000000&#8243; text_font_size=\u00bb15px\u00bb text_letter_spacing=\u00bb3px\u00bb text_line_height=\u00bb1.2em\u00bb header_font=\u00bb||||||||\u00bb header_text_color=\u00bb#000000&#8243; header_font_size=\u00bb15px\u00bb header_letter_spacing=\u00bb4px\u00bb min_height=\u00bb19px\u00bb custom_margin=\u00bb||-5px||false|false\u00bb custom_margin_tablet=\u00bb0px||||false|false\u00bb custom_margin_phone=\u00bb||-20px||false|false\u00bb custom_margin_last_edited=\u00bbon|phone\u00bb custom_padding=\u00bb||||false|false\u00bb animation_direction=\u00bbbottom\u00bb text_font_size_tablet=\u00bb15px\u00bb text_font_size_phone=\u00bb10px\u00bb text_font_size_last_edited=\u00bbon|phone\u00bb header_font_tablet=\u00bb||||||||\u00bb header_font_phone=\u00bb||||||||\u00bb header_font_last_edited=\u00bbon|phone\u00bb header_font_size_tablet=\u00bb15px\u00bb header_font_size_phone=\u00bb11px\u00bb header_font_size_last_edited=\u00bbon|desktop\u00bb locked=\u00bboff\u00bb global_colors_info=\u00bb{}\u00bb]<\/p>\n<h1><strong>FreshSurf surf camp Fuerteventura | El Cotillo<\/strong><\/h1>\n<p>&nbsp;<\/p>\n<p>[\/et_pb_text][et_pb_text _builder_version=\u00bb4.27.5&#8243; text_font=\u00bb||||||||\u00bb text_text_color=\u00bb#000000&#8243; text_font_size=\u00bb70px\u00bb text_line_height=\u00bb1.1em\u00bb header_font=\u00bb||||||||\u00bb custom_margin=\u00bb||||false|false\u00bb custom_margin_tablet=\u00bb||||false|false\u00bb custom_margin_phone=\u00bb20px||||false|false\u00bb custom_margin_last_edited=\u00bbon|phone\u00bb custom_padding=\u00bb||||false|false\u00bb custom_padding_tablet=\u00bb||||false|false\u00bb custom_padding_phone=\u00bb0px||||false|false\u00bb custom_padding_last_edited=\u00bbon|desktop\u00bb animation_direction=\u00bbtop\u00bb hover_transition_duration=\u00bb0ms\u00bb text_text_color_tablet=\u00bb#000000&#8243; text_text_color_phone=\u00bb#000000&#8243; text_text_color_last_edited=\u00bbon|desktop\u00bb text_font_size_tablet=\u00bb\u00bb text_font_size_phone=\u00bb36px\u00bb text_font_size_last_edited=\u00bbon|phone\u00bb locked=\u00bboff\u00bb global_colors_info=\u00bb{}\u00bb text_line_height__hover_enabled=\u00bbon|desktop\u00bb text_line_height__hover=\u00bb1.1em\u00bb]<\/p>\n<p><span data-metadata=\"&lt;!--(figmeta)eyJmaWxlS2V5IjoiNzFIRDVmd20xTDlVV291OGRVOVo4diIsInBhc3RlSUQiOjE4ODU0MjQxNTEsImRhdGFUeXBlIjoic2NlbmUifQo=(\/figmeta)--&gt;\">\u00bfPor qu\u00e9 FreshSurf?<br \/><strong>M\u00e1s sobre nosotros.<\/strong><\/span><\/p>\n<p>[\/et_pb_text][et_pb_button button_url=\u00bbhttps:\/\/www.freshsurf.de\/es\/freshsurf-en-fuerteventura-sobre-nosotros\/equipo-freshsurf\/\u00bb button_text=\u00bbEl equipo de FreshSurf\u00bb _builder_version=\u00bb4.27.5&#8243; _module_preset=\u00bbdefault\u00bb custom_button=\u00bbon\u00bb custom_margin=\u00bb||||false|false\u00bb custom_margin_tablet=\u00bb||||false|false\u00bb custom_margin_phone=\u00bb-12px||||false|false\u00bb custom_margin_last_edited=\u00bbon|phone\u00bb hover_enabled=\u00bb0&#8243; button_text_size_tablet=\u00bb\u00bb button_text_size_phone=\u00bb14px\u00bb button_text_size_last_edited=\u00bbon|phone\u00bb global_colors_info=\u00bb{}\u00bb sticky_enabled=\u00bb0&#8243;][\/et_pb_button][et_pb_image src=\u00bbhttps:\/\/www.freshsurf.de\/wp-content\/uploads\/2024\/11\/neues-kapitel-freshsurf.jpg\u00bb alt=\u00bbfreshsurf fuerteventura\u00bb title_text=\u00bbfreshsurf fuerteventura\u00bb src_tablet=\u00bbhttps:\/\/www.freshsurf.de\/wp-content\/uploads\/2025\/03\/surfcamp-auf-fuerteventura-yoga.webp\u00bb src_phone=\u00bbhttps:\/\/www.freshsurf.de\/wp-content\/uploads\/2026\/02\/lm0fpr8kxaf9fooucjna.avif\u00bb src_last_edited=\u00bbon|phone\u00bb _builder_version=\u00bb4.27.5&#8243; _module_preset=\u00bbdefault\u00bb border_radii=\u00bbon|10px|10px|10px|10px\u00bb global_colors_info=\u00bb{}\u00bb][\/et_pb_image][\/et_pb_column][\/et_pb_row][\/et_pb_section][et_pb_section fb_built=\u00bb1&#8243; custom_padding_last_edited=\u00bbon|desktop\u00bb admin_label=\u00bbsection\u00bb _builder_version=\u00bb4.16&#8243; parallax=\u00bbon\u00bb parallax_method=\u00bboff\u00bb custom_padding_tablet=\u00bb50px|0|50px|0&#8243; custom_padding_phone=\u00bb\u00bb transparent_background=\u00bboff\u00bb padding_mobile=\u00bboff\u00bb make_fullwidth=\u00bboff\u00bb use_custom_width=\u00bboff\u00bb width_unit=\u00bbon\u00bb global_colors_info=\u00bb{}\u00bb][et_pb_row admin_label=\u00bbrow\u00bb _builder_version=\u00bb4.16&#8243; background_size=\u00bbinitial\u00bb background_position=\u00bbtop_left\u00bb background_repeat=\u00bbrepeat\u00bb global_colors_info=\u00bb{}\u00bb][et_pb_column type=\u00bb4_4&#8243; _builder_version=\u00bb4.16&#8243; custom_padding=\u00bb|||\u00bb global_colors_info=\u00bb{}\u00bb custom_padding__hover=\u00bb|||\u00bb][et_pb_text _builder_version=\u00bb4.27.5&#8243; background_size=\u00bbinitial\u00bb background_position=\u00bbtop_left\u00bb background_repeat=\u00bbrepeat\u00bb hover_enabled=\u00bb0&#8243; z_index_tablet=\u00bb500&#8243; use_border_color=\u00bboff\u00bb border_color=\u00bb#ffffff\u00bb border_style=\u00bbsolid\u00bb global_colors_info=\u00bb{}\u00bb sticky_enabled=\u00bb0&#8243;]<\/p>\n<h2 style=\"text-align: left;\"><strong>FreshSurf &#8211; Sobre nosotros<\/strong><\/h2>\n<p style=\"text-align: left;\"><a href=\"https:\/\/www.freshsurf.de\/es\/\">FreshSurf es una empresa joven para surfistas<\/a> y entusiastas de los deportes acu\u00e1ticos. FreshSurf es una escuela de surf oficialmente certificada con surfcamp \/ surfhouse as\u00ed como apartamentos para familias en <a href=\"https:\/\/www.freshsurf.de\/es\/el-cotillo\/\">El Cotillo<\/a> en el norte de la isla canaria de Fuerteventura. FreshSurf fue fundada por surfistas para surfistas y ofrece un paquete completo de relajaci\u00f3n activa y vitalizaci\u00f3n de cuerpo y alma. FreshSurf significa frescura, <a href=\"https:\/\/www.freshsurf.de\/es\/actividades-en-fuerteventura\/\">actividad<\/a> y ganar energ\u00eda, especialmente a trav\u00e9s de nuevas y refrescantes experiencias del surf.<\/p>\n<p style=\"text-align: left;\">FreshSurf te ofrece las vacaciones completas desde el Shuttle, Alojamiento hasta actividades deportivas y de ocio. Nos centramos en ense\u00f1ar la pasi\u00f3n por el surf en el ambiente \u00fanico de fuerteventura. El clima soleado con m\u00e1s de 300 d\u00edas de sol al a\u00f1o es la condici\u00f3n ideal para los deportes acu\u00e1ticos y la relajaci\u00f3n activa.<\/p>\n<p>[\/et_pb_text][\/et_pb_column][\/et_pb_row][et_pb_row _builder_version=\u00bb4.16&#8243; background_size=\u00bbinitial\u00bb background_position=\u00bbtop_left\u00bb background_repeat=\u00bbrepeat\u00bb global_colors_info=\u00bb{}\u00bb][et_pb_column type=\u00bb4_4&#8243; _builder_version=\u00bb4.16&#8243; custom_padding=\u00bb|||\u00bb global_colors_info=\u00bb{}\u00bb custom_padding__hover=\u00bb|||\u00bb][et_pb_testimonial author=\u00bbTobias Stark\u00bb job_title=\u00bbCEO\u00bb company_name=\u00bbFreshSurf Cotillo S.L.\u00bb url=\u00bbhttps:\/\/www.freshsurf.de\/wp-content\/uploads\/2024\/08\/fs-team-toby.jpg\u00bb _builder_version=\u00bb4.27.5&#8243; body_line_height=\u00bb35&#8243; background_color=\u00bb#8fcdd9&#8243; background_size=\u00bbinitial\u00bb background_position=\u00bbtop_left\u00bb background_repeat=\u00bbrepeat\u00bb hover_enabled=\u00bb0&#8243; z_index_tablet=\u00bb500&#8243; use_border_color=\u00bboff\u00bb global_colors_info=\u00bb{}\u00bb sticky_enabled=\u00bb0&#8243;]<\/p>\n<p style=\"text-align: justify;\">El surf es nuestra vida y en FreshSurf queremos ense\u00f1arte esta pasi\u00f3n. Queremos ofrecerte un \u00abhogar lejos de casa\u00bb en un ambiente familiar en el oc\u00e9ano. Cuando te vas a la cama sonriendo despu\u00e9s de un d\u00eda incre\u00edble, hemos alcanzado nuestro objetivo.<\/p>\n<p style=\"text-align: justify;\">FreshSurf es sin\u00f3nimo de frescura, actividad, vitalidad y la posibilidad de que los visitantes y hu\u00e9spedes <a href=\"https:\/\/www.freshsurf.de\/es\/surf\/\">experimenten algo nuevo en el surf<\/a> y acumulen energ\u00eda.<\/p>\n<p style=\"text-align: justify;\"><strong><em>Re-Frescura<\/em><\/strong>: En FreshSurf nos centramos en la relajaci\u00f3n activa y la regeneraci\u00f3n del cuerpo y el alma.<\/p>\n<p>[\/et_pb_testimonial][\/et_pb_column][\/et_pb_row][\/et_pb_section][et_pb_section fb_built=\u00bb1&#8243; _builder_version=\u00bb4.16&#8243; global_colors_info=\u00bb{}\u00bb][et_pb_row _builder_version=\u00bb4.16&#8243; background_size=\u00bbinitial\u00bb background_position=\u00bbtop_left\u00bb background_repeat=\u00bbrepeat\u00bb global_colors_info=\u00bb{}\u00bb][et_pb_column type=\u00bb4_4&#8243; _builder_version=\u00bb4.16&#8243; custom_padding=\u00bb|||\u00bb global_colors_info=\u00bb{}\u00bb custom_padding__hover=\u00bb|||\u00bb][et_pb_text _builder_version=\u00bb4.27.5&#8243; background_size=\u00bbinitial\u00bb background_position=\u00bbtop_left\u00bb background_repeat=\u00bbrepeat\u00bb hover_enabled=\u00bb0&#8243; z_index_tablet=\u00bb500&#8243; use_border_color=\u00bboff\u00bb global_colors_info=\u00bb{}\u00bb sticky_enabled=\u00bb0&#8243;]<\/p>\n<h2 style=\"text-align: left;\"><strong>El pensamiento que hay detr\u00e1s &#8211; Nuestra filosof\u00eda<\/strong><\/h2>\n<p style=\"text-align: left;\">Una cosa tenemos clara: todo el mundo puede aprender a surfear, no importa la edad o la forma f\u00edsica que se tenga, ni si se han tenido experiencias previas con el deporte de la tabla. En FreshSurf subimos a todo el mundo a la tabla y a la ola.<\/p>\n<p style=\"text-align: left;\">Nos centramos en un ambiente familiar. Peque\u00f1os grupos de 5 a 6 personas (por surfcoach), que van a surfear juntos.<\/p>\n<p style=\"text-align: left;\">Te llevaremos a las playas y surfspots m\u00e1s bonitos de la isla y te los mostraremos desde una perspectiva incre\u00edble.<\/p>\n<p style=\"text-align: left;\">Hacemos hincapi\u00e9 en su <a href=\"https:\/\/www.freshsurf.de\/es\/seguridad-en-el-surf\/\">seguridad<\/a>, trabajamos con material de alta calidad y le ofrecemos todos nuestros servicios de primera mano.<\/p>\n<p>[\/et_pb_text][\/et_pb_column][\/et_pb_row][et_pb_row _builder_version=\u00bb4.16&#8243; background_size=\u00bbinitial\u00bb background_position=\u00bbtop_left\u00bb background_repeat=\u00bbrepeat\u00bb global_colors_info=\u00bb{}\u00bb][et_pb_column type=\u00bb4_4&#8243; _builder_version=\u00bb4.16&#8243; custom_padding=\u00bb|||\u00bb global_colors_info=\u00bb{}\u00bb custom_padding__hover=\u00bb|||\u00bb][et_pb_text _builder_version=\u00bb4.27.5&#8243; ul_line_height=\u00bb2em\u00bb background_size=\u00bbinitial\u00bb background_position=\u00bbtop_left\u00bb background_repeat=\u00bbrepeat\u00bb hover_enabled=\u00bb0&#8243; z_index_tablet=\u00bb500&#8243; use_border_color=\u00bboff\u00bb global_colors_info=\u00bb{}\u00bb sticky_enabled=\u00bb0&#8243;]<\/p>\n<h2 class=\"entry\" style=\"text-align: left;\"><strong>Esta es la base sobre la que alcanzamos nuestros objetivos en FreshSurf<\/strong><\/h2>\n<p>Llevamos a todos a bordo con diversi\u00f3n y seguridad, \u00a1sin importar el nivel de forma f\u00edsica o la edad!<\/p>\n<ul>\n<li><a href=\"https:\/\/www.freshsurf.de\/es\/clases-particulares-de-surf-fuerteventura\/\" data-wpil-monitor-id=\"449\">entrenadores de surf<\/a> titulados, altamente cualificados y experimentados, as\u00ed como socorristas<\/li>\n<li>los mejores <a href=\"https:\/\/www.freshsurf.de\/es\/surf-spots-fuerteventura\/\" data-wpil-monitor-id=\"450\">lugares para practicar surf<\/a> con condiciones ideales de olas y viento, adaptadas a tu nivel de surf<\/li>\n<li>gran material y equipos de fabricantes de marca<\/li>\n<li>un plan de clases bien ajustado con una estructura significativa en la teor\u00eda y en la pr\u00e1ctica<\/li>\n<li>una relaci\u00f3n profesor-alumno de 1:6 (por ley hay un m\u00e1ximo de 1:8)<\/li>\n<li>foto y v\u00eddeo coaching y an\u00e1lisis, as\u00ed como correcci\u00f3n de movimientos en tierra y en el agua<\/li>\n<li>un equipo que siempre est\u00e1 a su disposici\u00f3n y hace posible \u00abcasi todo\u00bb: \u00a1estamos aqu\u00ed para usted!<\/li>\n<\/ul>\n<h3><strong>\u00bfPor qu\u00e9 somos diferentes?<\/strong><\/h3>\n<ul>\n<li>Nos centramos en un ambiente familiar. Grupos reducidos que surfean juntos y por supuesto mucho surf son nuestro centro de atenci\u00f3n. Surf para todos, no importa tu edad o nivel.<\/li>\n<li>Si quieres hacer unas vacaciones de surf o quieres probar el surf por primera vez, FreshSurf es tu mejor opci\u00f3n. Surfear en Fuerteventura significa experimentar el deporte acu\u00e1tico en toda su belleza.<\/li>\n<li>nos centramos en la ense\u00f1anza del surf en un entorno seguro, por supuesto con garant\u00eda de diversi\u00f3n. Experimenta <a href=\"https:\/\/www.freshsurf.de\/es\/el-equipo-de-surf-perfecto-para-principiantes-consejos-y-recomendaciones\/\" data-wpil-monitor-id=\"452\">el surf de tu vida con material de surf de alta calidad<\/a>. Prueba y surfea con varias tablas y experimenta sus diferentes caracter\u00edsticas en el agua.<\/li>\n<li>Te mostramos las Islas Canarias desde su mejor lado y buscamos cada d\u00eda el mejor surfspot. Lejos de los muchos hoteles y resorts en Fuerteventura, las <a href=\"https:\/\/www.freshsurf.de\/es\/campamento-de-surf\/\" data-wpil-monitor-id=\"453\">Islas Canarias ofrecen tanto adem\u00e1s del surf<\/a>, que vale la pena el viaje. Disfruta de las vacaciones de tu vida con la escuela de surf FreshSurf en Fuerteventura.<\/li>\n<\/ul>\n<p>FreshSurf es una empresa por y para surfistas. Bajo un mismo techo encontrar\u00e1s nuestra <a class=\"wpil_keyword_link\" href=\"https:\/\/www.freshsurf.de\/es\/escuela-de-surf-fuerteventura\/\" title=\"escuela de surf\" data-wpil-keyword-link=\"linked\" data-wpil-monitor-id=\"454\">escuela de surf<\/a>, una peque\u00f1a tienda de surf y nuestro surf lounge para pasar el rato y relajarte. Entre la surf house, la surf villa o nuestros distintos alojamientos asociados, podr\u00e1s elegir el alojamiento que mejor se adapte a tus necesidades seg\u00fan tus gustos. Viva como desee, por as\u00ed decirlo. Disfrute del surf y de una experiencia integral diferente con FreshSurf.<\/p>\n<p style=\"text-align: left;\">[\/et_pb_text][\/et_pb_column][\/et_pb_row][et_pb_row _builder_version=\u00bb4.16&#8243; background_size=\u00bbinitial\u00bb background_position=\u00bbtop_left\u00bb background_repeat=\u00bbrepeat\u00bb global_colors_info=\u00bb{}\u00bb][et_pb_column type=\u00bb4_4&#8243; _builder_version=\u00bb4.16&#8243; custom_padding=\u00bb|||\u00bb global_colors_info=\u00bb{}\u00bb custom_padding__hover=\u00bb|||\u00bb][et_pb_text _builder_version=\u00bb4.27.5&#8243; background_size=\u00bbinitial\u00bb background_position=\u00bbtop_left\u00bb background_repeat=\u00bbrepeat\u00bb hover_enabled=\u00bb0&#8243; z_index_tablet=\u00bb500&#8243; use_border_color=\u00bboff\u00bb global_colors_info=\u00bb{}\u00bb sticky_enabled=\u00bb0&#8243;]<\/p>\n<h2><strong>Nuestro equipo FreshSurf<\/strong><\/h2>\n<p>Juntos somos mejores que solos, el equipo es la estrella, no el individuo. Hay muchos peque\u00f1os engranajes que se entrelazan y hacen funcionar nuestra peque\u00f1a maquinaria. FreshSurf se compone de muchas personas encantadoras que no s\u00f3lo est\u00e1n aqu\u00ed localmente, sino que tambi\u00e9n nos apoyan desde muchos lugares alrededor del mundo. Algunos de ellos han estado con nosotros desde que FreshSurf fue fundada en 2008 &#8211; gracias a todos ustedes.<\/p>\n<p><a href=\"https:\/\/www.freshsurf.de\/es\/freshsurf-en-fuerteventura-sobre-nosotros\/equipo-freshsurf\/\">M\u00e1s informaci\u00f3n sobre nuestro equipo<\/a><\/p>\n<p style=\"text-align: left;\">[\/et_pb_text][\/et_pb_column][\/et_pb_row][\/et_pb_section][et_pb_section fb_built=\u00bb1&#8243; _builder_version=\u00bb4.16&#8243; global_colors_info=\u00bb{}\u00bb][et_pb_row _builder_version=\u00bb4.16&#8243; global_colors_info=\u00bb{}\u00bb][et_pb_column type=\u00bb4_4&#8243; _builder_version=\u00bb4.16&#8243; custom_padding=\u00bb|||\u00bb global_colors_info=\u00bb{}\u00bb custom_padding__hover=\u00bb|||\u00bb][et_pb_text _builder_version=\u00bb4.27.5&#8243; header_font=\u00bb||||||||\u00bb header_text_align=\u00bbcenter\u00bb header_text_color=\u00bb#05a5b1&#8243; header_font_size=\u00bb60px\u00bb header_2_font=\u00bb||||||||\u00bb header_2_text_align=\u00bbcenter\u00bb header_2_text_color=\u00bbgcid-primary-color\u00bb header_2_font_size=\u00bb46px\u00bb hover_enabled=\u00bb0&#8243; z_index_tablet=\u00bb500&#8243; global_colors_info=\u00bb{%22gcid-primary-color%22:%91%22header_2_text_color%22%93}\u00bb link_option_url=\u00bbhttps:\/\/www.freshsurf.de\/es\/freshsurf-en-fuerteventura-sobre-nosotros\/equipo-freshsurf\/\u00bb sticky_enabled=\u00bb0&#8243;]<\/p>\n<h2>Forme parte de nuestra familia FreshSurf<\/h2>\n<p>[\/et_pb_text][\/et_pb_column][\/et_pb_row][\/et_pb_section]<\/p>\n","protected":false},"excerpt":{"rendered":"<p>FreshSurf surf camp Fuerteventura | El Cotillo &nbsp;\u00bfPor qu\u00e9 FreshSurf?M\u00e1s sobre nosotros.FreshSurf &#8211; Sobre nosotros FreshSurf es una empresa joven para surfistas y entusiastas de los deportes acu\u00e1ticos. FreshSurf es una escuela de surf oficialmente certificada con surfcamp \/ surfhouse as\u00ed como apartamentos para familias en El Cotillo en el norte de la isla canaria [&hellip;]<\/p>\n","protected":false},"author":40,"featured_media":339086,"parent":0,"menu_order":0,"comment_status":"closed","ping_status":"closed","template":"","meta":{"_et_pb_use_builder":"on","_et_pb_old_content":"","_et_gb_content_width":"","footnotes":""},"class_list":["post-327003","page","type-page","status-publish","has-post-thumbnail","hentry"],"_links":{"self":[{"href":"https:\/\/www.freshsurf.de\/es\/wp-json\/wp\/v2\/pages\/327003","targetHints":{"allow":["GET"]}}],"collection":[{"href":"https:\/\/www.freshsurf.de\/es\/wp-json\/wp\/v2\/pages"}],"about":[{"href":"https:\/\/www.freshsurf.de\/es\/wp-json\/wp\/v2\/types\/page"}],"author":[{"embeddable":true,"href":"https:\/\/www.freshsurf.de\/es\/wp-json\/wp\/v2\/users\/40"}],"replies":[{"embeddable":true,"href":"https:\/\/www.freshsurf.de\/es\/wp-json\/wp\/v2\/comments?post=327003"}],"version-history":[{"count":7,"href":"https:\/\/www.freshsurf.de\/es\/wp-json\/wp\/v2\/pages\/327003\/revisions"}],"predecessor-version":[{"id":339212,"href":"https:\/\/www.freshsurf.de\/es\/wp-json\/wp\/v2\/pages\/327003\/revisions\/339212"}],"wp:featuredmedia":[{"embeddable":true,"href":"https:\/\/www.freshsurf.de\/es\/wp-json\/wp\/v2\/media\/339086"}],"wp:attachment":[{"href":"https:\/\/www.freshsurf.de\/es\/wp-json\/wp\/v2\/media?parent=327003"}],"curies":[{"name":"wp","href":"https:\/\/api.w.org\/{rel}","templated":true}]}}