{"id":241642,"date":"2022-06-27T17:52:18","date_gmt":"2022-06-27T16:52:18","guid":{"rendered":"http:\/\/testfresh.surfcamp-fuerteventura.com\/?page_id=241642"},"modified":"2025-05-27T18:48:51","modified_gmt":"2025-05-27T17:48:51","slug":"portal-de-transparencia","status":"publish","type":"page","link":"https:\/\/www.freshsurf.de\/es\/portal-de-transparencia\/","title":{"rendered":"Portal de transparencia"},"content":{"rendered":"<p>[et_pb_section fb_built=\u00bb1&#8243; _builder_version=\u00bb4.16&#8243; background_color=\u00bb#ffffff\u00bb custom_padding=\u00bb||0px|||\u00bb z_index_tablet=\u00bb500&#8243; global_colors_info=\u00bb{}\u00bb][et_pb_row _builder_version=\u00bb4.16&#8243; global_colors_info=\u00bb{}\u00bb][et_pb_column type=\u00bb4_4&#8243; _builder_version=\u00bb4.16&#8243; custom_padding=\u00bb|||\u00bb global_colors_info=\u00bb{}\u00bb custom_padding__hover=\u00bb|||\u00bb][et_pb_text _builder_version=\u00bb4.17.4&#8243; text_font=\u00bbOswald||||||||\u00bb header_font=\u00bbSalty|300||on|||||\u00bb header_text_color=\u00bb#05a5b1&#8243; header_font_size=\u00bb100px\u00bb header_line_height=\u00bb1.2em\u00bb header_3_font=\u00bbOswald|||on|||||\u00bb header_3_text_color=\u00bb#05a5b1&#8243; header_3_letter_spacing=\u00bb2px\u00bb header_3_line_height=\u00bb2.1em\u00bb custom_padding=\u00bb||0px|||\u00bb animation_direction=\u00bbright\u00bb header_font_size_tablet=\u00bb\u00bb header_font_size_phone=\u00bb5vw\u00bb header_font_size_last_edited=\u00bbon|desktop\u00bb header_3_letter_spacing_tablet=\u00bb\u00bb header_3_letter_spacing_phone=\u00bb\u00bb header_3_letter_spacing_last_edited=\u00bbon|desktop\u00bb z_index_tablet=\u00bb500&#8243; global_colors_info=\u00bb{}\u00bb]<\/p>\n<p>&nbsp;<\/p>\n<p>&nbsp;<\/p>\n<h1 style=\"text-align: center;\">Portal de transparencia<\/h1>\n<p>[\/et_pb_text][\/et_pb_column][\/et_pb_row][et_pb_row _builder_version=\u00bb4.17.4&#8243; width=\u00bb100%\u00bb global_colors_info=\u00bb{}\u00bb][et_pb_column type=\u00bb4_4&#8243; _builder_version=\u00bb4.16&#8243; custom_padding=\u00bb|||\u00bb global_colors_info=\u00bb{}\u00bb custom_padding__hover=\u00bb|||\u00bb][et_pb_text _builder_version=\u00bb4.17.4&#8243; text_line_height=\u00bb2em\u00bb header_2_font_size=\u00bb30px\u00bb background_size=\u00bbinitial\u00bb background_position=\u00bbtop_left\u00bb background_repeat=\u00bbrepeat\u00bb custom_padding=\u00bb|80px||80px||\u00bb z_index_tablet=\u00bb500&#8243; use_border_color=\u00bboff\u00bb global_colors_info=\u00bb{}\u00bb]<\/p>\n<h2>1. NORMATIVA<\/h2>\n<p><span>Ley 7\/1995, de 6 de abril, de Ordenaci\u00f3n del Turismo de Canarias<\/span><a href=\"https:\/\/www.clubmaspalomassuites.com\/cdn\/files\/1.%20Ley7-1995de-6-abril.pdf\" target=\"_blank\" rel=\"noopener\"><br \/>(Descarga PDF)<\/a><br \/><span>Decreto 142\/2010, de 4 de octubre, por el que se aprueba el Reglamento de la Actividad Tur\u00edstica de Alojamiento, por el que se regulan los est\u00e1ndares tur\u00edsticos<\/span><a href=\"https:\/\/www.clubmaspalomassuites.com\/cdn\/files\/2.%20Decreto142-2010de4deoctubre.pdf\" target=\"_blank\" rel=\"noopener\"><br \/>(Descarga PDF)<\/a><br \/><span>Decreto 90\/2010, de 22 de julio, por el que se regula la actividad tur\u00edstica de restauraci\u00f3n y los establecimientos donde se desarrolla.<\/span><a href=\"https:\/\/www.clubmaspalomassuites.com\/cdn\/files\/3.%20Decreto90-2010de22deJulio.pdf\" target=\"_blank\" rel=\"noopener\"><br \/>(Descarga PDF)<\/a><br \/><span>Decreto 10\/2001, de 22 de enero, por el que se regulan los est\u00e1ndares tur\u00edsticos.<\/span><a href=\"https:\/\/www.clubmaspalomassuites.com\/cdn\/files\/4.%20Decreto10-2001de22deenero.pdf\" target=\"_blank\" rel=\"noopener\"><br \/>(Descarga PDF)<\/a><br \/><span>LEY 2\/2013, de 29 de mayo, de renovaci\u00f3n y modernizaci\u00f3n tur\u00edstica de Canarias.<\/span><a href=\"https:\/\/www.clubmaspalomassuites.com\/5.%20Ley2-2013de29demayo.pdf\" target=\"_blank\" rel=\"noopener\"><br \/>(Descarga PDF)<\/a><br \/><span>Ley 19\/2013, de 9 de diciembre, de transparencia, acceso a la informaci\u00f3n p\u00fablica y buen gobierno.<\/span><a href=\"https:\/\/www.clubmaspalomassuites.com\/cdn\/files\/Ley_19_2013.pdf\" target=\"_blank\" rel=\"noopener\"><br \/>(Descarga PDF)<\/a><br \/><span>Ley 12\/2014, de 26 de diciembre, de transparencia y de acceso a la informaci\u00f3n p\u00fablica.<\/span><a href=\"https:\/\/www.clubmaspalomassuites.com\/cdn\/files\/Ley_12_2014.pdf\" target=\"_blank\" rel=\"noopener\"><br \/>(Descarga PDF)<\/a><br \/><span>Ley 1\/2018, de 21 de marzo, de Transparencia de la Actividad P\u00fablica.<\/span><a href=\"https:\/\/www.clubmaspalomassuites.com\/cdn\/files\/Ley_1_2018.pdf\" target=\"_blank\" rel=\"noopener\"><br \/>(Descarga PDF)<\/a><br \/><span>*Fecha de modificaci\u00f3n 29\/10\/2021<\/span><\/p>\n<p>[\/et_pb_text][\/et_pb_column][\/et_pb_row][et_pb_row _builder_version=\u00bb4.17.4&#8243; _module_preset=\u00bbdefault\u00bb width=\u00bb100%\u00bb global_colors_info=\u00bb{}\u00bb][et_pb_column type=\u00bb4_4&#8243; _builder_version=\u00bb4.17.4&#8243; _module_preset=\u00bbdefault\u00bb global_colors_info=\u00bb{}\u00bb][et_pb_text _builder_version=\u00bb4.27.4&#8243; _module_preset=\u00bbdefault\u00bb text_line_height=\u00bb2em\u00bb header_2_font_size=\u00bb30px\u00bb background_size=\u00bbinitial\u00bb background_position=\u00bbtop_left\u00bb background_repeat=\u00bbrepeat\u00bb custom_padding=\u00bb|80px||80px||\u00bb hover_enabled=\u00bb0&#8243; global_colors_info=\u00bb{}\u00bb sticky_enabled=\u00bb0&#8243;]<\/p>\n<h2>2. EMPRESA<\/h2>\n<p>OBJETO SOCIAL<\/p>\n<p>FRESHSURF COTILLO, S.L. (en adelante la Sociedad), con n\u00famero de identificaci\u00f3n fiscal B76033190, se constituy\u00f3 el 8 de junio de 2009 como sociedad de responsabilidad limitada por tiempo indefinido.<br \/>La empresa no ha cambiado su denominaci\u00f3n social desde su constituci\u00f3n.<br \/>Su domicilio social se encuentra en la calle Hermanas del Castillo 4, Local 2, 35650 El Cotillo <a href=\"https:\/\/www.freshsurf.de\/es\/fuerteventura\/\">(Fuerteventura)<\/a>.<br \/>El objeto social de la empresa corresponde principalmente a la actividad de escuela de surf y a la actividad de intermediario tur\u00edstico.<br \/>La Ley de Sociedades An\u00f3nimas (en vigor desde el 1 de septiembre de 2010), cuyo texto refundido fue aprobado por el Real Decreto Legislativo 1\/2010, de 2 de julio, el C\u00f3digo de Comercio y las disposiciones complementarias se aplican a la Sociedad.<br \/>La moneda funcional en la que opera la empresa es el euro.<\/p>\n<p><span>*Fecha de modificaci\u00f3n 27\/06\/2022<\/span><\/p>\n<p>[\/et_pb_text][\/et_pb_column][\/et_pb_row][et_pb_row _builder_version=\u00bb4.17.4&#8243; _module_preset=\u00bbdefault\u00bb width=\u00bb100%\u00bb global_colors_info=\u00bb{}\u00bb][et_pb_column type=\u00bb4_4&#8243; _builder_version=\u00bb4.17.4&#8243; _module_preset=\u00bbdefault\u00bb global_colors_info=\u00bb{}\u00bb][et_pb_text _builder_version=\u00bb4.27.4&#8243; _module_preset=\u00bbdefault\u00bb text_line_height=\u00bb2em\u00bb header_2_font_size=\u00bb30px\u00bb background_size=\u00bbinitial\u00bb background_position=\u00bbtop_left\u00bb background_repeat=\u00bbrepeat\u00bb custom_padding=\u00bb|80px||80px||\u00bb hover_enabled=\u00bb0&#8243; global_colors_info=\u00bb{}\u00bb sticky_enabled=\u00bb0&#8243;]<\/p>\n<h3>HISTORIA<\/h3>\n<p>FreshSurf es una joven empresa para surfistas y amantes de los deportes acu\u00e1ticos, fundada por dos surfistas, Tobias Stark y Stefan Schmal en 2009. FreshSurf es una escuela de surf oficial y certificada con un campamento de surf\/casa de surf adjunta, as\u00ed como pisos para toda la familia en <a href=\"https:\/\/www.freshsurf.de\/es\/el-cotillo\/\">El Cotillo<\/a>, en el norte de la isla canaria de Fuerteventura. FreshSurf fue fundada por surfistas para surfistas y ofrece una gama completa de ocio activo y vitalizaci\u00f3n del cuerpo y la mente. Somos partidarios de la frescura, la actividad y la recarga de energ\u00eda, especialmente a trav\u00e9s de experiencias nuevas y refrescantes en torno al surf.<\/p>\n<p>FreshSurf se adapta a surfistas de todos los niveles: desde principiantes que surfean sus primeras olas hasta surfistas avanzados que ya surfean olas verdes, desde viajeros en solitario hasta grupos de amigos y parejas y familias, desde j\u00f3venes hasta mayores.<\/p>\n<h3>HITOS<\/h3>\n<p><strong>2009<\/strong> Fundaci\u00f3n de la escuela de surf FreshSurf y de los apartamentos para hu\u00e9spedes<\/p>\n<p><strong>2010<\/strong> Incorporaci\u00f3n de un hotel de surf y pisos adicionales (Classic, High Class, Deluxe)<\/p>\n<p><strong>2011<\/strong> Ampliaci\u00f3n de la cartera de productos (yoga, kitesurf, SUP, buceo)<\/p>\n<p><strong>2012<\/strong> Inauguraci\u00f3n de la \u00abSurfhouse\u00bb de FreshSurf (Surfcamp Fuerteventura)<\/p>\n<p><strong>2013<\/strong> Tienda adicional \u00abSurflounge\u00bb (unidades de teor\u00eda del surf y sal\u00f3n chillout).<\/p>\n<p><strong>2014<\/strong> Tienda adicional FreshSurf\u00bb Yogastudio\u00bb y apertura del FreshSurf \u00abSurf-WG\u00bb\u00bb.<\/p>\n<p><strong>2015<\/strong> Apertura del estudio FreshSurf DrySurf<\/p>\n<p><strong>2016<\/strong> Apertura de la \u00abSurfvilla\u00bb de FreshSurf.<\/p>\n<p><strong>2019<\/strong> Apertura de la \u00abCasa de la Playa\u00bb de FreshSurf, ahora de nuevo \u00abCasa del Surf\u00bb<\/p>\n<p><strong>2021<\/strong> Reducci\u00f3n de la empresa durante la crisis de Corona<\/p>\n<p><strong>2022<\/strong> Nuevo comienzo con un concepto cambiado<\/p>\n<p>&nbsp;<\/p>\n<h3>VALORES<\/h3>\n<p>Para nosotros, una cosa es cierta: cualquiera puede aprender a surfear, sin importar la edad que tenga, sin importar lo atl\u00e9tico que sea y sin importar si ha tenido alguna experiencia con los deportes de tabla o no. Conseguimos que todo el mundo se suba a la tabla y a la ola.<br \/>Nos centramos en la calidad, la satisfacci\u00f3n del cliente y el ambiente familiar. Nuestro objetivo es crear una experiencia \u00fanica con el <a href=\"https:\/\/www.freshsurf.de\/es\/surf\/\">surf<\/a> (aprendizaje) para nuestros clientes con mucha diversi\u00f3n y alegr\u00eda y as\u00ed acercarlos a la naturaleza desde una perspectiva diferente.<\/p>\n<p>Nos consideramos un equipo innovador y motivado con ideas nuevas y refrescantes que se desarrollan constantemente. FreshSurf es sin\u00f3nimo de comunicaci\u00f3n abierta y transparente, tanto interna como externamente, con los clientes y socios de cooperaci\u00f3n. Vivimos el momento, pero tambi\u00e9n nos centramos en la sostenibilidad. Hacemos especial hincapi\u00e9 en la seguridad, trabajamos con equipos de primera clase de fabricantes de calidad y le ofrecemos todos los servicios de primera mano.<\/p>\n<p>Entrenamos en peque\u00f1os grupos de m\u00e1ximo 5 personas con un instructor de surf certificado cada uno en teor\u00eda y pr\u00e1ctica para prepararlos para el surf y el oc\u00e9ano.<\/p>\n<p>&nbsp;<\/p>\n<h3>ORGANIGRAMA<\/h3>\n<p><img decoding=\"async\" src=\"https:\/\/www.freshsurf.de\/wp-content\/uploads\/2022\/06\/Organigram.jpg\" width=\"1080\" height=\"600\" alt=\"organigrama\" class=\"wp-image-241645 alignnone size-full\" title=\"\" srcset=\"https:\/\/www.freshsurf.de\/wp-content\/uploads\/2022\/06\/Organigram.jpg 1080w, https:\/\/www.freshsurf.de\/wp-content\/uploads\/2022\/06\/Organigram-980x544.jpg 980w, https:\/\/www.freshsurf.de\/wp-content\/uploads\/2022\/06\/Organigram-480x267.jpg 480w\" sizes=\"(min-width: 0px) and (max-width: 480px) 480px, (min-width: 481px) and (max-width: 980px) 980px, (min-width: 981px) 1080px, 100vw\" \/><\/p>\n<p><span>*Fecha de modificaci\u00f3n 27\/06\/2022<\/span><\/p>\n<p><span><\/span><\/p>\n<p><span><\/span><\/p>\n<h3><strong>CUENTAS ANUALES<\/strong><\/h3>\n<div><a href=\"#\" target=\"_blank\" rel=\"noopener\">INFORME CUENTAS ANUALES ABREVIADAS 2020<\/a><br \/><a href=\"#\" target=\"_blank\" rel=\"noopener\">MEMORIA CUENTAS ANUALES ABREVIADAS 2020<\/a><\/div>\n<div><\/div>\n<div><span>*Fecha de modificaci\u00f3n 27\/06\/2022<\/span><\/div>\n<p>[\/et_pb_text][\/et_pb_column][\/et_pb_row][et_pb_row _builder_version=\u00bb4.17.4&#8243; _module_preset=\u00bbdefault\u00bb width=\u00bb100%\u00bb global_colors_info=\u00bb{}\u00bb][et_pb_column type=\u00bb4_4&#8243; _builder_version=\u00bb4.17.4&#8243; _module_preset=\u00bbdefault\u00bb global_colors_info=\u00bb{}\u00bb][et_pb_text _builder_version=\u00bb4.17.4&#8243; _module_preset=\u00bbdefault\u00bb text_line_height=\u00bb2em\u00bb header_2_font_size=\u00bb30px\u00bb background_size=\u00bbinitial\u00bb background_position=\u00bbtop_left\u00bb background_repeat=\u00bbrepeat\u00bb custom_padding=\u00bb|80px||80px||\u00bb global_colors_info=\u00bb{}\u00bb]<\/p>\n<h2>3. Contratos y Convenios<\/h2>\n<p><span>No tuvimos ni contrato ni convenio suscrito con la Administraci\u00f3n P\u00fablica.<\/span><\/p>\n<p><span>*Fecha de modificaci\u00f3n 27\/06\/2022<\/span><\/p>\n<p>[\/et_pb_text][\/et_pb_column][\/et_pb_row][et_pb_row _builder_version=\u00bb4.17.4&#8243; _module_preset=\u00bbdefault\u00bb width=\u00bb100%\u00bb global_colors_info=\u00bb{}\u00bb][et_pb_column type=\u00bb4_4&#8243; _builder_version=\u00bb4.17.4&#8243; _module_preset=\u00bbdefault\u00bb global_colors_info=\u00bb{}\u00bb][et_pb_text _builder_version=\u00bb4.17.6&#8243; _module_preset=\u00bbdefault\u00bb text_line_height=\u00bb2em\u00bb header_2_font_size=\u00bb30px\u00bb background_size=\u00bbinitial\u00bb background_position=\u00bbtop_left\u00bb background_repeat=\u00bbrepeat\u00bb custom_padding=\u00bb|80px||80px||\u00bb global_colors_info=\u00bb{}\u00bb]<\/p>\n<h2>4. SUBVENCIONES<\/h2>\n<p><span><img decoding=\"async\" src=\"https:\/\/www.freshsurf.de\/wp-content\/uploads\/2022\/07\/subvenciones.jpg\" width=\"1080\" height=\"420\" alt=\"subvenciones\" class=\"wp-image-241685 alignnone size-full\" title=\"\" srcset=\"https:\/\/www.freshsurf.de\/wp-content\/uploads\/2022\/07\/subvenciones.jpg 1080w, https:\/\/www.freshsurf.de\/wp-content\/uploads\/2022\/07\/subvenciones-980x381.jpg 980w, https:\/\/www.freshsurf.de\/wp-content\/uploads\/2022\/07\/subvenciones-480x187.jpg 480w\" sizes=\"(min-width: 0px) and (max-width: 480px) 480px, (min-width: 481px) and (max-width: 980px) 980px, (min-width: 981px) 1080px, 100vw\" \/><\/span><\/p>\n<p><span>*Fecha de modificaci\u00f3n 27\/06\/2022<\/span><\/p>\n<h2>5. Cuentas anuales abreviadas<\/h2>\n<h3>2021<\/h3>\n<p><strong><a href=\"https:\/\/www.freshsurf.de\/wp-content\/uploads\/2022\/11\/Cuentas-anuales-abreviadas-2021.pdf\" rel=\"attachment wp-att-243613\">Cuentas anuales abreviadas 2021<\/a><\/strong><\/p>\n<p>[\/et_pb_text][\/et_pb_column][\/et_pb_row][\/et_pb_section]<\/p>\n","protected":false},"excerpt":{"rendered":"<p>&nbsp; &nbsp; Portal de transparencia1. NORMATIVA Ley 7\/1995, de 6 de abril, de Ordenaci\u00f3n del Turismo de Canarias(Descarga PDF)Decreto 142\/2010, de 4 de octubre, por el que se aprueba el Reglamento de la Actividad Tur\u00edstica de Alojamiento, por el que se regulan los est\u00e1ndares tur\u00edsticos(Descarga PDF)Decreto 90\/2010, de 22 de julio, por el que se [&hellip;]<\/p>\n","protected":false},"author":2,"featured_media":0,"parent":0,"menu_order":191,"comment_status":"closed","ping_status":"closed","template":"","meta":{"_et_pb_use_builder":"on","_et_pb_old_content":"","_et_gb_content_width":"","footnotes":""},"class_list":["post-241642","page","type-page","status-publish","hentry"],"_links":{"self":[{"href":"https:\/\/www.freshsurf.de\/es\/wp-json\/wp\/v2\/pages\/241642","targetHints":{"allow":["GET"]}}],"collection":[{"href":"https:\/\/www.freshsurf.de\/es\/wp-json\/wp\/v2\/pages"}],"about":[{"href":"https:\/\/www.freshsurf.de\/es\/wp-json\/wp\/v2\/types\/page"}],"author":[{"embeddable":true,"href":"https:\/\/www.freshsurf.de\/es\/wp-json\/wp\/v2\/users\/2"}],"replies":[{"embeddable":true,"href":"https:\/\/www.freshsurf.de\/es\/wp-json\/wp\/v2\/comments?post=241642"}],"version-history":[{"count":1,"href":"https:\/\/www.freshsurf.de\/es\/wp-json\/wp\/v2\/pages\/241642\/revisions"}],"predecessor-version":[{"id":331605,"href":"https:\/\/www.freshsurf.de\/es\/wp-json\/wp\/v2\/pages\/241642\/revisions\/331605"}],"wp:attachment":[{"href":"https:\/\/www.freshsurf.de\/es\/wp-json\/wp\/v2\/media?parent=241642"}],"curies":[{"name":"wp","href":"https:\/\/api.w.org\/{rel}","templated":true}]}}